{"id":1726,"date":"2023-10-23T09:37:38","date_gmt":"2023-10-23T07:37:38","guid":{"rendered":"https:\/\/impemasrl.com\/informativa-sulla-privacy\/"},"modified":"2024-10-28T09:47:03","modified_gmt":"2024-10-28T08:47:03","slug":"informativa-sulla-privacy","status":"publish","type":"page","link":"https:\/\/impemasrl.com\/it\/informativa-sulla-privacy\/","title":{"rendered":"Informativa sulla privacy"},"content":{"rendered":"\t\t<div data-elementor-type=\"wp-page\" data-elementor-id=\"1726\" class=\"elementor elementor-1726 elementor-3\">\n\t\t\t\t<div class=\"elementor-element elementor-element-53cdaa47 e-flex e-con-boxed wpr-particle-no wpr-jarallax-no wpr-parallax-no wpr-sticky-section-no wpr-equal-height-no e-con e-parent\" data-id=\"53cdaa47\" data-element_type=\"container\" data-e-type=\"container\" data-settings=\"{&quot;background_background&quot;:&quot;classic&quot;}\">\n\t\t\t\t\t<div class=\"e-con-inner\">\n\t\t<div class=\"elementor-element elementor-element-61651da0 e-con-full e-flex wpr-particle-no wpr-jarallax-no wpr-parallax-no wpr-sticky-section-no wpr-equal-height-no e-con e-child\" data-id=\"61651da0\" data-element_type=\"container\" data-e-type=\"container\">\n\t\t\t\t<div class=\"elementor-element elementor-element-40a7bf3a elementor-widget elementor-widget-heading\" data-id=\"40a7bf3a\" data-element_type=\"widget\" data-e-type=\"widget\" data-widget_type=\"heading.default\">\n\t\t\t\t<div class=\"elementor-widget-container\">\n\t\t\t\t\t<h2 class=\"elementor-heading-title elementor-size-default\"><h1 class=\"elementor-heading-title elementor-size-default\"><font color=\"#005a8c\">IMPEMA<\/font><\/h1><\/h2>\t\t\t\t<\/div>\n\t\t\t\t<\/div>\n\t\t\t\t<\/div>\n\t\t\t\t\t<\/div>\n\t\t\t\t<\/div>\n\t\t<div class=\"elementor-element elementor-element-7937ac3 e-flex e-con-boxed wpr-particle-no wpr-jarallax-no wpr-parallax-no wpr-sticky-section-no wpr-equal-height-no e-con e-parent\" data-id=\"7937ac3\" data-element_type=\"container\" data-e-type=\"container\">\n\t\t\t\t\t<div class=\"e-con-inner\">\n\t\t\t\t<div class=\"elementor-element elementor-element-f53cf42 elementor-widget elementor-widget-text-editor\" data-id=\"f53cf42\" data-element_type=\"widget\" data-e-type=\"widget\" data-widget_type=\"text-editor.default\">\n\t\t\t\t<div class=\"elementor-widget-container\">\n\t\t\t\t\t\t\t\t\t<p><strong>Titolare del trattamento dei dati<\/strong><\/p>\n<p>Informativa ai sensi dell&#8217;art. 13 del D.Lgs. 196\/2003 &#8220;Codice in materia di protezione dei dati personali&#8221; aggiornata al Reg. 13 del D.Lgs. 196\/2003 &#8220;Codice in materia di protezione dei dati personali&#8221; aggiornato al Reg.\n&#8220;GDPR&#8221; n.\n2016\/679&#8243; &#8211; (Regolamento Generale sulla Protezione dei Dati).  <\/p>\n<p><strong>IMPEMA S.R.L.<\/strong><br>Via Matteotti 22, 20083, Gaggiano (MI)<br>P.IVA 13226090960<br>E. info@impemasrl.com<\/p>\n<p><strong>Tipi di dati raccolti<\/strong><\/p>\n<p>Fra i Dati Personali raccolti da questa Applicazione, in modo autonomo o tramite terze parti, ci sono: Cookie; Dati di utilizzo; Nome; E-mail.<\/p>\n<p>I dettagli completi su ciascuna tipologia di dati raccolti sono forniti nelle sezioni dedicate di questa privacy policy o attraverso testi informativi specifici visualizzati prima della raccolta dei dati.<br>I Dati Personali possono essere liberamente forniti dall&#8217;Utente o, nel caso di Dati di Utilizzo, raccolti automaticamente durante l&#8217;uso di questa Applicazione.<br>Se non diversamente specificato, tutti i Dati richiesti da questa Applicazione sono obbligatori.\nSe l&#8217;Utente rifiuta di comunicarli, potrebbe essere impossibile per questa Applicazione fornire il Servizio.\nNei casi in cui questa Applicazione indichi alcuni Dati come facoltativi, gli Utenti sono liberi di astenersi dal comunicare tali Dati, senza che ci\u00f2 abbia alcuna conseguenza sulla disponibilit\u00e0 del Servizio o sulla sua operativit\u00e0.  <br>Gli utenti che hanno dubbi su quali Dati siano obbligatori sono invitati a contattare il Titolare.<br>L&#8217;eventuale utilizzo di Cookie &#8211; o di altri strumenti di tracciamento &#8211; da parte di questa Applicazione o dei titolari dei servizi terzi utilizzati da questa Applicazione, ove non diversamente precisato, ha la finalit\u00e0 di fornire il Servizio richiesto dall&#8217;Utente, oltre alle ulteriori finalit\u00e0 descritte nel presente documento e nella Cookie Policy, se disponibile.<\/p>\n<p>L&#8217;Utente si assume la responsabilit\u00e0 dei Dati Personali di terzi ottenuti, pubblicati o condivisi mediante questa Applicazione e garantisce di avere il diritto di comunicarli o diffonderli, liberando il Titolare da qualsiasi responsabilit\u00e0 verso terzi.<\/p>\n<p><strong>Modalit\u00e0 e luogo di trattamento dei dati raccolti<\/strong><br><strong>Metodi di trattamento<\/strong><\/p>\n<p>Il Titolare adotta adeguate misure di sicurezza volte ad impedire l&#8217;accesso, la divulgazione, la modifica o la distruzione non autorizzate dei Dati Personali.<br>Il trattamento viene effettuato mediante strumenti informatici e\/o telematici, con modalit\u00e0 organizzative e con logiche strettamente correlate alle finalit\u00e0 indicate.\nOltre al Titolare, in alcuni casi, potrebbero avere accesso ai Dati altri soggetti coinvolti nell&#8217;organizzazione di questa Applicazione (personale amministrativo, commerciale, marketing, legali, amministratori di sistema) ovvero soggetti esterni (come fornitori di servizi tecnici terzi, corrieri postali, hosting provider, societ\u00e0 informatiche, agenzie di comunicazione) nominati anche, se necessario, Responsabili del Trattamento da parte del Titolare.\nL&#8217;elenco aggiornato dei Responsabili pu\u00f2 essere sempre richiesto al Titolare del Trattamento.  <\/p>\n<p><strong>Base giuridica del trattamento<\/strong><\/p>\n<p>Il Titolare tratta i Dati Personali dell&#8217;Utente se sussiste una delle seguenti condizioni:<\/p>\n<p>l&#8217;Utente ha dato il consenso per una o pi\u00f9 finalit\u00e0 specifiche; Nota: in alcune giurisdizioni il Titolare pu\u00f2 essere autorizzato a trattare i Dati Personali senza il consenso dell&#8217;Utente o senza un&#8217;altra delle basi giuridiche specificate di seguito, fino a quando l&#8217;Utente non si oppone (&#8220;opt-out&#8221;) a questo trattamento.\nTuttavia, ci\u00f2 non \u00e8 applicabile se il trattamento dei Dati Personali \u00e8 regolato dalla normativa europea in materia di protezione dei Dati Personali;<br>il trattamento \u00e8 necessario per l&#8217;esecuzione di un contratto con l&#8217;Utente e\/o per l&#8217;esecuzione di misure precontrattuali;<br>il trattamento \u00e8 necessario per adempiere ad un obbligo legale al quale \u00e8 soggetto il Titolare;<br>il trattamento \u00e8 necessario per l&#8217;esecuzione di un compito di interesse pubblico o per l&#8217;esercizio di pubblici poteri di cui \u00e8 investito il Titolare;<br>il trattamento \u00e8 necessario per il perseguimento del legittimo interesse del Titolare o di terzi. <\/p>\n<p>Tuttavia, \u00e8 sempre possibile chiedere al Titolare del trattamento di chiarire la base giuridica concreta di ogni trattamento e, in particolare, di specificare se il trattamento \u00e8 basato sulla legge, previsto da un contratto o necessario per concludere un contratto.<\/p>\n<p><strong>Luogo<\/strong><\/p>\n<p>I Dati sono trattati presso le sedi operative del Titolare e in qualsiasi altro luogo in cui si trovino le parti coinvolte nel trattamento.\nPer ulteriori informazioni, contatta il Titolare.<br>I Dati Personali dell&#8217;Utente possono essere trasferiti in un paese diverso da quello in cui si trova l&#8217;Utente.\nPer ottenere ulteriori informazioni sul luogo di trattamento, l&#8217;Utente pu\u00f2 fare riferimento alla sezione relativa ai dettagli sul trattamento dei Dati Personali.  <\/p>\n<p>L&#8217;Utente ha il diritto di ottenere informazioni sulla base giuridica del trasferimento dei Dati al di fuori dell&#8217;Unione Europea o ad un&#8217;organizzazione internazionale di diritto pubblico internazionale o costituita da due o pi\u00f9 paesi, come ad esempio l&#8217;ONU, nonch\u00e9 sulle misure di sicurezza adottate dal Titolare per proteggere i Dati.<\/p>\n<p>L&#8217;Utente pu\u00f2 verificare se avviene uno dei trasferimenti appena descritti esaminando la sezione di questo documento relativa ai dettagli sul trattamento dei Dati Personali o richiedere informazioni al Titolare del Trattamento contattandolo ai recapiti indicati all&#8217;inizio.<\/p>\n<p><strong>Periodo di conservazione<\/strong><\/p>\n<p>I Dati sono trattati e conservati per il tempo richiesto dalle finalit\u00e0 per cui sono stati raccolti.<\/p>\n<p>Quindi:<\/p>\n<p>I Dati Personali raccolti per finalit\u00e0 connesse all&#8217;esecuzione di un contratto tra il Titolare e l&#8217;Utente saranno conservati fino al completamento di tale contratto.<br>I Dati Personali raccolti per finalit\u00e0 riconducibili al legittimo interesse del Titolare saranno conservati fino al soddisfacimento di tale interesse.\nL&#8217;Utente pu\u00f2 ottenere ulteriori informazioni in merito al legittimo interesse perseguito dal Titolare nelle sezioni pertinenti di questo documento o contattando il Titolare. <\/p>\n<p>Quando il trattamento \u00e8 basato sul consenso dell&#8217;Utente, il Titolare pu\u00f2 conservare i Dati Personali per un periodo pi\u00f9 lungo fino alla revoca di tale consenso.\nInoltre, il Titolare potrebbe essere obbligato a conservare i Dati Personali per un periodo pi\u00f9 lungo in ottemperanza a un obbligo legale o per ordine di un&#8217;autorit\u00e0. <\/p>\n<p>Al termine del periodo di conservazione, i Dati Personali saranno cancellati.\nPertanto, allo scadere di tale termine, il diritto di accesso, cancellazione, rettifica e il diritto alla portabilit\u00e0 dei dati non potranno pi\u00f9 essere esercitati. <\/p>\n<p><strong>Finalit\u00e0 del trattamento dei dati raccolti<\/strong><\/p>\n<p>I Dati dell&#8217;Utente sono raccolti per consentire al Titolare di fornire il Servizio, adempiere agli obblighi di legge, rispondere alle richieste o alle azioni esecutive, proteggere i propri diritti ed interessi (o quelli degli Utenti o di terzi), identificare eventuali attivit\u00e0 dannose o fraudolente, cos\u00ec come per le seguenti finalit\u00e0: Statistiche e contatto con l&#8217;Utente.<\/p>\n<p>Per ottenere informazioni dettagliate sulle finalit\u00e0 del trattamento e sui Dati Personali trattati per ciascuna finalit\u00e0, l&#8217;Utente pu\u00f2 consultare la sezione &#8220;Informazioni dettagliate sul trattamento dei Dati Personali&#8221;.<\/p>\n<p><strong>Dettagli sul trattamento dei Dati Personali<\/strong><\/p>\n<p>I Dati Personali sono raccolti per le seguenti finalit\u00e0 e utilizzando i seguenti servizi:<\/p>\t\t\t\t\t\t\t\t<\/div>\n\t\t\t\t<\/div>\n\t\t\t\t<div class=\"elementor-element elementor-element-2df730d elementor-widget elementor-widget-heading\" data-id=\"2df730d\" data-element_type=\"widget\" data-e-type=\"widget\" data-widget_type=\"heading.default\">\n\t\t\t\t<div class=\"elementor-widget-container\">\n\t\t\t\t\t<h6 class=\"elementor-heading-title elementor-size-default\">Contatta l'utente<\/h6>\t\t\t\t<\/div>\n\t\t\t\t<\/div>\n\t\t\t\t<div class=\"elementor-element elementor-element-d4c1744 elementor-widget elementor-widget-accordion\" data-id=\"d4c1744\" data-element_type=\"widget\" data-e-type=\"widget\" data-widget_type=\"accordion.default\">\n\t\t\t\t<div class=\"elementor-widget-container\">\n\t\t\t\t\t\t\t<div class=\"elementor-accordion\">\n\t\t\t\t\t\t\t<div class=\"elementor-accordion-item\">\n\t\t\t\t\t<div id=\"elementor-tab-title-2231\" class=\"elementor-tab-title\" data-tab=\"1\" role=\"button\" aria-controls=\"elementor-tab-content-2231\" aria-expanded=\"false\">\n\t\t\t\t\t\t\t\t\t\t\t\t\t<span class=\"elementor-accordion-icon elementor-accordion-icon-left\" aria-hidden=\"true\">\n\t\t\t\t\t\t\t\t\t\t\t\t\t\t\t<span class=\"elementor-accordion-icon-closed\"><i class=\"fas fa-plus\"><\/i><\/span>\n\t\t\t\t\t\t\t\t<span class=\"elementor-accordion-icon-opened\"><i class=\"fas fa-minus\"><\/i><\/span>\n\t\t\t\t\t\t\t\t\t\t\t\t\t\t<\/span>\n\t\t\t\t\t\t\t\t\t\t\t\t<a class=\"elementor-accordion-title\" tabindex=\"0\">Modulo di contatto<\/a>\n\t\t\t\t\t<\/div>\n\t\t\t\t\t<div id=\"elementor-tab-content-2231\" class=\"elementor-tab-content elementor-clearfix\" data-tab=\"1\" role=\"region\" aria-labelledby=\"elementor-tab-title-2231\"><div id=\"tw-target-text-container\" class=\"tw-ta-container F0azHf tw-nfl\" tabindex=\"0\">\n<pre id=\"tw-target-text\" class=\"tw-data-text tw-text-large tw-ta\" dir=\"ltr\" data-placeholder=\"Traduzione\" data-ved=\"2ahUKEwjp2abpkNWDAxUYVPEDHQaZD2oQ3ewLegQIBRAP\"><span class=\"Y2IQFc\" lang=\"en\">Personal Data: email; first name; surname; telephone number, company.<\/span><\/pre>\n<\/div>\n<div id=\"tw-target-rmn-container\" class=\"tw-target-rmn tw-ta-container F0azHf tw-nfl\">\n<pre id=\"tw-target-rmn\" class=\"tw-data-placeholder tw-text-small tw-ta\" dir=\"ltr\" data-placeholder=\"\"> <\/pre>\n<\/div>\n<\/div>\n\t\t\t\t<\/div>\n\t\t\t\t\t\t\t\t<\/div>\n\t\t\t\t\t\t<\/div>\n\t\t\t\t<\/div>\n\t\t\t\t<div class=\"elementor-element elementor-element-4d77e68 elementor-widget elementor-widget-text-editor\" data-id=\"4d77e68\" data-element_type=\"widget\" data-e-type=\"widget\" data-widget_type=\"text-editor.default\">\n\t\t\t\t<div class=\"elementor-widget-container\">\n\t\t\t\t\t\t\t\t\t<p><strong>Diritti dell&#8217;Utente<\/strong><br><strong>Gli Utenti possono esercitare determinati diritti in relazione ai Dati trattati dal Titolare.<\/strong><\/p>\n<p>In particolare, l&#8217;Utente ha il diritto di:<\/p>\n<p>revocare il consenso in qualsiasi momento.\nL&#8217;Utente pu\u00f2 revocare il consenso precedentemente espresso al trattamento dei propri Dati Personali.<br>opporsi al trattamento dei propri Dati.\nL&#8217;Utente pu\u00f2 opporsi al trattamento dei propri Dati quando questo avviene su una base giuridica diversa dal consenso.\nUlteriori dettagli sul diritto di opposizione sono riportati nella sezione sottostante.<br>accedere ai propri Dati.\nL&#8217;Utente ha il diritto di ottenere informazioni sui Dati trattati dal Titolare, su alcuni aspetti del trattamento e di ricevere una copia dei Dati trattati.<br>verificare e richiedere la rettifica.\nL&#8217;Utente pu\u00f2 verificare la correttezza dei propri Dati e richiederne l&#8217;aggiornamento o la rettifica.<br>ottenere la limitazione del trattamento.\nQuando ricorrono determinate condizioni, l&#8217;Utente pu\u00f2 richiedere la limitazione del trattamento dei propri Dati.\nIn questo caso il Titolare non tratter\u00e0 i Dati per finalit\u00e0 diverse dalla loro conservazione.<br>ottenere la cancellazione o la rimozione dei propri Dati Personali.\nAl verificarsi di determinate condizioni, l&#8217;Utente pu\u00f2 richiedere la cancellazione dei propri Dati da parte del Titolare.<br>ricevere i propri Dati o farli trasferire ad un altro titolare.\nL&#8217;Utente ha il diritto di ricevere i propri Dati in un formato strutturato, di uso comune e leggibile da dispositivo automatico e, ove tecnicamente possibile, di ottenerne il trasferimento senza ostacoli a un altro titolare.\nQuesta disposizione si applica quando i Dati sono trattati con strumenti automatizzati e il trattamento si basa sul consenso dell&#8217;Utente, su un contratto di cui l&#8217;Utente \u00e8 parte o su misure contrattuali ad esso collegate.<br>proporre un reclamo.\nL&#8217;Utente pu\u00f2 presentare un reclamo all&#8217;autorit\u00e0 di controllo della protezione dei dati personali competente o intraprendere un&#8217;azione legale.           <\/p>\n<p><strong>Dettagli sul diritto di opposizione<\/strong><br>Quando i Dati Personali sono trattati nell&#8217;interesse pubblico, nell&#8217;esercizio di pubblici poteri di cui \u00e8 investito il Titolare o per perseguire un interesse legittimo del Titolare, gli Utenti hanno il diritto di opporsi al trattamento per motivi connessi alla loro situazione particolare.<\/p>\n<p>Si ricorda agli Utenti che, qualora i loro Dati siano trattati per finalit\u00e0 di marketing diretto, possono opporsi al trattamento senza fornire alcuna motivazione.\nPer sapere se il Titolare tratta i dati per finalit\u00e0 di marketing diretto, gli Utenti possono fare riferimento alle rispettive sezioni di questo documento. <\/p>\n<p><strong>Come esercitare i tuoi diritti<\/strong><br>Per esercitare i diritti dell&#8217;Utente, l&#8217;Utente pu\u00f2 indirizzare una richiesta ai recapiti del Titolare indicati in questo documento.\nLe richieste sono inoltrate gratuitamente ed elaborate dal Titolare del trattamento nel pi\u00f9 breve tempo possibile, in ogni caso entro un mese. <\/p>\n<p><strong>Per saperne di pi\u00f9 sul trattamento<\/strong><br><strong>Difesa in tribunale<\/strong><\/p>\n<p>I Dati Personali dell&#8217;Utente possono essere utilizzati dal Titolare in giudizio o nelle fasi preparatorie alla sua eventuale instaurazione per la difesa da abusi nell&#8217;utilizzo di questa Applicazione o dei Servizi connessi da parte dell&#8217;Utente.<br>L&#8217;Utente dichiara di essere consapevole che il Titolare potrebbe essere obbligato a rivelare i Dati per ordine delle autorit\u00e0 pubbliche.<\/p>\n<p><strong>Informazioni specifiche<\/strong><br>Su richiesta dell&#8217;Utente, in aggiunta alle informazioni contenute in questa privacy policy, questa Applicazione potrebbe fornire all&#8217;Utente delle informazioni aggiuntive e contestuali riguardanti Servizi specifici, o la raccolta ed il trattamento di Dati Personali.<\/p>\n<p><strong>Log di sistema e manutenzione<\/strong><br>Per necessit\u00e0 legate al funzionamento e alla manutenzione, questa Applicazione e gli eventuali servizi terzi da essa utilizzati potrebbero raccogliere log di sistema, ossia file che registrano le interazioni e che possono contenere anche Dati Personali, quali l&#8217;indirizzo IP Utente.<\/p>\n<p><strong>Informazioni non contenute nella presente informativa<\/strong><br>Ulteriori informazioni in relazione al trattamento dei Dati Personali possono essere richieste in qualsiasi momento al Titolare del Trattamento utilizzando i dati di contatto.<\/p>\n<p><strong>Risposta alle richieste &#8220;Do Not Track&#8221;<\/strong><br><strong>Questa Applicazione non supporta le richieste &#8220;Do Not Track&#8221;.<\/strong><br>Per sapere se i servizi di terze parti utilizzati le supportano, l&#8217;Utente \u00e8 invitato a consultare le rispettive privacy policy.<\/p>\n<p><strong>Modifiche alla presente privacy policy<\/strong><br>Il Titolare del Trattamento si riserva il diritto di apportare modifiche alla presente privacy policy in qualunque momento dandone informazione agli Utenti su questa pagina e, se possibile, su questa Applicazione nonch\u00e9, qualora tecnicamente e legalmente fattibile, inviando una notifica agli Utenti attraverso uno degli estremi di contatto di cui dispone.\nTi invitiamo pertanto a consultare frequentemente questa pagina, facendo riferimento alla data dell&#8217;ultima modifica indicata in calce. <\/p>\t\t\t\t\t\t\t\t<\/div>\n\t\t\t\t<\/div>\n\t\t\t\t\t<\/div>\n\t\t\t\t<\/div>\n\t\t\t\t<\/div>\n\t\t","protected":false},"excerpt":{"rendered":"<p>IMPEMA Titolare del trattamento dei dati Informativa ai sensi dell&#8217;art. 13 del D.Lgs. 196\/2003 &#8220;Codice in materia di protezione dei dati personali&#8221; aggiornata al Reg. 13 del D.Lgs. 196\/2003 &#8220;Codice in materia di protezione dei dati personali&#8221; aggiornato al Reg. &#8220;GDPR&#8221; n. 2016\/679&#8243; &#8211; (Regolamento Generale sulla Protezione dei Dati). IMPEMA S.R.L.Via Matteotti 22, 20083, Gaggiano (MI)P.IVA 13226090960E. info@impemasrl.com Tipi di dati raccolti Fra i Dati Personali raccolti da questa Applicazione, in modo autonomo o tramite terze parti, ci sono: Cookie; Dati di utilizzo; Nome; E-mail. I dettagli completi su ciascuna tipologia di dati raccolti sono forniti nelle sezioni dedicate di questa privacy policy o attraverso testi informativi specifici visualizzati prima della raccolta dei dati.I Dati Personali possono essere liberamente forniti dall&#8217;Utente o, nel caso di Dati di Utilizzo, raccolti automaticamente durante l&#8217;uso di questa Applicazione.Se non diversamente specificato, tutti i Dati richiesti da questa Applicazione sono obbligatori. Se l&#8217;Utente rifiuta di comunicarli, potrebbe essere impossibile per questa Applicazione fornire il Servizio. Nei casi in cui questa Applicazione indichi alcuni Dati come facoltativi, gli Utenti sono liberi di astenersi dal comunicare tali Dati, senza che ci\u00f2 abbia alcuna conseguenza sulla disponibilit\u00e0 del Servizio o sulla sua operativit\u00e0. Gli utenti che hanno dubbi su quali Dati siano obbligatori sono invitati a contattare il Titolare.L&#8217;eventuale utilizzo di Cookie &#8211; o di altri strumenti di tracciamento &#8211; da parte di questa Applicazione o dei titolari dei servizi terzi utilizzati da questa Applicazione, ove non diversamente precisato, ha la finalit\u00e0 di fornire il Servizio richiesto dall&#8217;Utente, oltre alle ulteriori finalit\u00e0 descritte nel presente documento e nella Cookie Policy, se disponibile. L&#8217;Utente si assume la responsabilit\u00e0 dei Dati Personali di terzi ottenuti, pubblicati o condivisi mediante questa Applicazione e garantisce di avere il diritto di comunicarli o diffonderli, liberando il Titolare da qualsiasi responsabilit\u00e0 verso terzi. Modalit\u00e0 e luogo di trattamento dei dati raccoltiMetodi di trattamento Il Titolare adotta adeguate misure di sicurezza volte ad impedire l&#8217;accesso, la divulgazione, la modifica o la distruzione non autorizzate dei Dati Personali.Il trattamento viene effettuato mediante strumenti informatici e\/o telematici, con modalit\u00e0 organizzative e con logiche strettamente correlate alle finalit\u00e0 indicate. Oltre al Titolare, in alcuni casi, potrebbero avere accesso ai Dati altri soggetti coinvolti nell&#8217;organizzazione di questa Applicazione (personale amministrativo, commerciale, marketing, legali, amministratori di sistema) ovvero soggetti esterni (come fornitori di servizi tecnici terzi, corrieri postali, hosting provider, societ\u00e0 informatiche, agenzie di comunicazione) nominati anche, se necessario, Responsabili del Trattamento da parte del Titolare. L&#8217;elenco aggiornato dei Responsabili pu\u00f2 essere sempre richiesto al Titolare del Trattamento. Base giuridica del trattamento Il Titolare tratta i Dati Personali dell&#8217;Utente se sussiste una delle seguenti condizioni: l&#8217;Utente ha dato il consenso per una o pi\u00f9 finalit\u00e0 specifiche; Nota: in alcune giurisdizioni il Titolare pu\u00f2 essere autorizzato a trattare i Dati Personali senza il consenso dell&#8217;Utente o senza un&#8217;altra delle basi giuridiche specificate di seguito, fino a quando l&#8217;Utente non si oppone (&#8220;opt-out&#8221;) a questo trattamento. Tuttavia, ci\u00f2 non \u00e8 applicabile se il trattamento dei Dati Personali \u00e8 regolato dalla normativa europea in materia di protezione dei Dati Personali;il trattamento \u00e8 necessario per l&#8217;esecuzione di un contratto con l&#8217;Utente e\/o per l&#8217;esecuzione di misure precontrattuali;il trattamento \u00e8 necessario per adempiere ad un obbligo legale al quale \u00e8 soggetto il Titolare;il trattamento \u00e8 necessario per l&#8217;esecuzione di un compito di interesse pubblico o per l&#8217;esercizio di pubblici poteri di cui \u00e8 investito il Titolare;il trattamento \u00e8 necessario per il perseguimento del legittimo interesse del Titolare o di terzi. Tuttavia, \u00e8 sempre possibile chiedere al Titolare del trattamento di chiarire la base giuridica concreta di ogni trattamento e, in particolare, di specificare se il trattamento \u00e8 basato sulla legge, previsto da un contratto o necessario per concludere un contratto. Luogo I Dati sono trattati presso le sedi operative del Titolare e in qualsiasi altro luogo in cui si trovino le parti coinvolte nel trattamento. Per ulteriori informazioni, contatta il Titolare.I Dati Personali dell&#8217;Utente possono essere trasferiti in un paese diverso da quello in cui si trova l&#8217;Utente. Per ottenere ulteriori informazioni sul luogo di trattamento, l&#8217;Utente pu\u00f2 fare riferimento alla sezione relativa ai dettagli sul trattamento dei Dati Personali. L&#8217;Utente ha il diritto di ottenere informazioni sulla base giuridica del trasferimento dei Dati al di fuori dell&#8217;Unione Europea o ad un&#8217;organizzazione internazionale di diritto pubblico internazionale o costituita da due o pi\u00f9 paesi, come ad esempio l&#8217;ONU, nonch\u00e9 sulle misure di sicurezza adottate dal Titolare per proteggere i Dati. L&#8217;Utente pu\u00f2 verificare se avviene uno dei trasferimenti appena descritti esaminando la sezione di questo documento relativa ai dettagli sul trattamento dei Dati Personali o richiedere informazioni al Titolare del Trattamento contattandolo ai recapiti indicati all&#8217;inizio. Periodo di conservazione I Dati sono trattati e conservati per il tempo richiesto dalle finalit\u00e0 per cui sono stati raccolti. Quindi: I Dati Personali raccolti per finalit\u00e0 connesse all&#8217;esecuzione di un contratto tra il Titolare e l&#8217;Utente saranno conservati fino al completamento di tale contratto.I Dati Personali raccolti per finalit\u00e0 riconducibili al legittimo interesse del Titolare saranno conservati fino al soddisfacimento di tale interesse. L&#8217;Utente pu\u00f2 ottenere ulteriori informazioni in merito al legittimo interesse perseguito dal Titolare nelle sezioni pertinenti di questo documento o contattando il Titolare. Quando il trattamento \u00e8 basato sul consenso dell&#8217;Utente, il Titolare pu\u00f2 conservare i Dati Personali per un periodo pi\u00f9 lungo fino alla revoca di tale consenso. Inoltre, il Titolare potrebbe essere obbligato a conservare i Dati Personali per un periodo pi\u00f9 lungo in ottemperanza a un obbligo legale o per ordine di un&#8217;autorit\u00e0. Al termine del periodo di conservazione, i Dati Personali saranno cancellati. Pertanto, allo scadere di tale termine, il diritto di accesso, cancellazione, rettifica e il diritto alla portabilit\u00e0 dei dati non potranno pi\u00f9 essere esercitati. Finalit\u00e0 del trattamento dei dati raccolti I Dati dell&#8217;Utente sono raccolti per consentire al Titolare di fornire il Servizio, adempiere agli obblighi di legge, rispondere alle richieste o alle azioni esecutive, proteggere i propri diritti ed interessi (o quelli degli Utenti o di terzi), identificare eventuali attivit\u00e0 dannose o fraudolente, cos\u00ec<\/p>\n","protected":false},"author":1,"featured_media":0,"parent":0,"menu_order":0,"comment_status":"closed","ping_status":"closed","template":"","meta":{"footnotes":""},"class_list":["post-1726","page","type-page","status-publish","hentry"],"_links":{"self":[{"href":"https:\/\/impemasrl.com\/it\/wp-json\/wp\/v2\/pages\/1726","targetHints":{"allow":["GET"]}}],"collection":[{"href":"https:\/\/impemasrl.com\/it\/wp-json\/wp\/v2\/pages"}],"about":[{"href":"https:\/\/impemasrl.com\/it\/wp-json\/wp\/v2\/types\/page"}],"author":[{"embeddable":true,"href":"https:\/\/impemasrl.com\/it\/wp-json\/wp\/v2\/users\/1"}],"replies":[{"embeddable":true,"href":"https:\/\/impemasrl.com\/it\/wp-json\/wp\/v2\/comments?post=1726"}],"version-history":[{"count":2,"href":"https:\/\/impemasrl.com\/it\/wp-json\/wp\/v2\/pages\/1726\/revisions"}],"predecessor-version":[{"id":1729,"href":"https:\/\/impemasrl.com\/it\/wp-json\/wp\/v2\/pages\/1726\/revisions\/1729"}],"wp:attachment":[{"href":"https:\/\/impemasrl.com\/it\/wp-json\/wp\/v2\/media?parent=1726"}],"curies":[{"name":"wp","href":"https:\/\/api.w.org\/{rel}","templated":true}]}}