{"id":1753,"date":"2024-06-10T22:57:43","date_gmt":"2024-06-10T20:57:43","guid":{"rendered":"https:\/\/impemasrl.com\/machinery\/senza-categoria\/srotolatore-di-piastre-2\/"},"modified":"2025-04-16T13:43:42","modified_gmt":"2025-04-16T11:43:42","slug":"srotolatore-di-piastre-2","status":"publish","type":"product","link":"https:\/\/impemasrl.com\/it\/machinery\/macchine-per-avvolgimento\/per-i-trasformatori-it\/srotolatore-di-piastre-2\/","title":{"rendered":"Svolgilastra"},"content":{"rendered":"<h3>Caratteristiche<\/h3>\n<p style=\"text-align: justify;\">Il sistema svolgilastra, idoneo al tensionamento della lastra di alluminio o di rame, \u00e8 composto da una struttura tubolare elettrosaldata; pu\u00f2 essere equipaggiato da uno o pi\u00f9 aspi per i coils e per la carta in base all\u2019esigenza dell\u2019utilizzatore. Il sistema viene fornito di un gruppo feltri per la pulizia\/frenatura del materiale e da un pannello operatore con braccio orientabile dove trovano alloggio i regolatori di pressione dei freni.<\/p>\n\n<table id=\"tablepress-79\" class=\"tablepress tablepress-id-79\">\n<thead>\n<tr class=\"row-1\">\n\t<td class=\"column-1\"><\/td><th class=\"column-2\"><strong><center>SVOLGILASTRA<\/center><\/strong><\/th>\n<\/tr>\n<\/thead>\n<tbody class=\"row-striping row-hover\">\n<tr class=\"row-2\">\n\t<td class=\"column-1\"><strong>Diametro max esterno (mm)<\/strong><\/td><td class=\"column-2\"><center>800<\/center><\/td>\n<\/tr>\n<tr class=\"row-3\">\n\t<td class=\"column-1\"><strong>Diametro interno coil (mm)<\/strong><\/td><td class=\"column-2\"><center>280\u00f7410<\/center><\/td>\n<\/tr>\n<tr class=\"row-4\">\n\t<td class=\"column-1\"><strong>Lunghezza max (mm)<\/strong><\/td><td class=\"column-2\"><center>650<\/center><\/td>\n<\/tr>\n<tr class=\"row-5\">\n\t<td class=\"column-1\"><strong>Portata massima (kg)<\/strong><\/td><td class=\"column-2\"><center>600<\/center><\/td>\n<\/tr>\n<tr class=\"row-6\">\n\t<td class=\"column-1\"><strong>Diametro max alberi portacarta (mm)<\/strong><\/td><td class=\"column-2\"><center>320<\/center><\/td>\n<\/tr>\n<tr class=\"row-7\">\n\t<td class=\"column-1\"><strong>Struttura<\/strong><\/td><td class=\"column-2\"><center>Acciaio elettrosaldato<\/center><\/td>\n<\/tr>\n<\/tbody>\n<\/table>\n<!-- #tablepress-79 from cache -->\n<h3>Scheda tecnica<\/h3>\n<p><a href=\"https:\/\/impemasrl.com\/wp-content\/uploads\/2024\/10\/SVOLGILASTRA-rel.04_24-ITA.pdf\" target=\"_blank\" rel=\"noopener\"><img decoding=\"async\" class=\"alignnone wp-image-1410 size-full\" src=\"https:\/\/impemasrl.com\/wp-content\/uploads\/2024\/06\/datasheet_icon.png\" alt=\"\" width=\"48\" height=\"48\" \/><\/a><\/p>\n","protected":false},"excerpt":{"rendered":"<p>Caratteristiche Il sistema svolgilastra, idoneo al tensionamento della lastra di alluminio o di rame, \u00e8 composto da una struttura tubolare elettrosaldata; pu\u00f2 essere equipaggiato da uno o pi\u00f9 aspi per i coils e per la carta in base all\u2019esigenza dell\u2019utilizzatore. Il sistema viene fornito di un gruppo feltri per la pulizia\/frenatura del materiale e da un pannello operatore con braccio orientabile dove trovano alloggio i regolatori di pressione dei freni. Scheda tecnica<\/p>\n","protected":false},"featured_media":1641,"template":"","meta":[],"product_brand":[],"product_cat":[112,116],"product_tag":[],"class_list":{"0":"post-1753","1":"product","2":"type-product","3":"status-publish","4":"has-post-thumbnail","6":"product_cat-macchine-per-avvolgimento","7":"product_cat-per-i-trasformatori-it","9":"first","10":"instock","11":"shipping-taxable","12":"product-type-simple"},"_links":{"self":[{"href":"https:\/\/impemasrl.com\/it\/wp-json\/wp\/v2\/product\/1753","targetHints":{"allow":["GET"]}}],"collection":[{"href":"https:\/\/impemasrl.com\/it\/wp-json\/wp\/v2\/product"}],"about":[{"href":"https:\/\/impemasrl.com\/it\/wp-json\/wp\/v2\/types\/product"}],"version-history":[{"count":4,"href":"https:\/\/impemasrl.com\/it\/wp-json\/wp\/v2\/product\/1753\/revisions"}],"predecessor-version":[{"id":1815,"href":"https:\/\/impemasrl.com\/it\/wp-json\/wp\/v2\/product\/1753\/revisions\/1815"}],"wp:featuredmedia":[{"embeddable":true,"href":"https:\/\/impemasrl.com\/it\/wp-json\/wp\/v2\/media\/1641"}],"wp:attachment":[{"href":"https:\/\/impemasrl.com\/it\/wp-json\/wp\/v2\/media?parent=1753"}],"wp:term":[{"taxonomy":"product_brand","embeddable":true,"href":"https:\/\/impemasrl.com\/it\/wp-json\/wp\/v2\/product_brand?post=1753"},{"taxonomy":"product_cat","embeddable":true,"href":"https:\/\/impemasrl.com\/it\/wp-json\/wp\/v2\/product_cat?post=1753"},{"taxonomy":"product_tag","embeddable":true,"href":"https:\/\/impemasrl.com\/it\/wp-json\/wp\/v2\/product_tag?post=1753"}],"curies":[{"name":"wp","href":"https:\/\/api.w.org\/{rel}","templated":true}]}}