{"id":1755,"date":"2023-11-18T22:16:46","date_gmt":"2023-11-18T21:16:46","guid":{"rendered":"https:\/\/impemasrl.com\/machinery\/senza-categoria\/macchina-selezionatrice-di-laminazione-i-s-l-i-m-p-180\/"},"modified":"2024-11-26T10:47:48","modified_gmt":"2024-11-26T09:47:48","slug":"macchina-selezionatrice-di-laminazione-i-s-l-i-m-p-180","status":"publish","type":"product","link":"https:\/\/impemasrl.com\/it\/machinery\/inseritori-e-sfogliatori\/macchina-selezionatrice-di-laminazione-i-s-l-i-m-p-180\/","title":{"rendered":"Sfogliatore di lamierini &#8220;I&#8221; S.L.I.M.P. 180"},"content":{"rendered":"<h3>Caratteristiche<\/h3>\n<p style=\"text-align: justify;\">Lo sfogliatore modello S.L.I.M.P. 180 \u00e8 un\u2019attrezzatura per selezionare pacchi di lamierini ad \u201cI\u201d di diverse altezze, fino ad un massimo di 120 mm.<br \/>\n\u00c8 completamente pneumatico e semplice da regolare.<br \/>\nHa degli spinotti che si inseriscono nei fori gi\u00e0 predisposti per le misure da lavorare.<br \/>\n\u00c8 costruito nel rispetto delle vigenti normative CE.<\/p>\n<h3>Applicazioni<\/h3>\n<p style=\"text-align: justify;\">La macchina pu\u00f2 lavorare laminazioni a partire da EI 30 (Col. 10) fino a EI 180 (Col. 60).<br \/>\nHa una capacit\u00e0 di carico di 600 mm.<br \/>\nTempo di ciclo 5 sec.<\/p>\n<h3>Specifiche tecniche<\/h3>\n\n<table id=\"tablepress-57\" class=\"tablepress tablepress-id-57\">\n<thead>\n<tr class=\"row-1\">\n\t<th colspan=\"2\" class=\"column-1\"><strong><center>S.L.I.M.P. 180<\/center><\/strong><\/th>\n<\/tr>\n<\/thead>\n<tbody class=\"row-striping row-hover\">\n<tr class=\"row-2\">\n\t<td class=\"column-1\"><strong>Width (mm)<\/strong><\/td><td class=\"column-2\"><center>500<\/center><\/td>\n<\/tr>\n<tr class=\"row-3\">\n\t<td class=\"column-1\"><strong>Larghezza (mm)<\/strong><\/td><td class=\"column-2\"><center>500<\/center><\/td>\n<\/tr>\n<tr class=\"row-4\">\n\t<td class=\"column-1\"><strong>Altezza (mm)<\/strong><\/td><td class=\"column-2\"><center>1600<\/center><\/td>\n<\/tr>\n<tr class=\"row-5\">\n\t<td class=\"column-1\"><strong>Peso (Kg)<\/strong><\/td><td class=\"column-2\"><center>100<\/center><\/td>\n<\/tr>\n<tr class=\"row-6\">\n\t<td class=\"column-1\"><strong>Alimentazione pneumatica<\/strong><\/td><td class=\"column-2\"><center>6 BAR<\/center><\/td>\n<\/tr>\n<\/tbody>\n<\/table>\n<!-- #tablepress-57 from cache -->\n<h3>Video<\/h3>\n<p><iframe title=\"Insertion Device Of Packs \u201cE\u201d Into Bobbin Semap\" width=\"800\" height=\"600\" src=\"https:\/\/www.youtube.com\/embed\/1kvar7_Ve4Q?feature=oembed\" frameborder=\"0\" allow=\"accelerometer; autoplay; clipboard-write; encrypted-media; gyroscope; picture-in-picture; web-share\" referrerpolicy=\"strict-origin-when-cross-origin\" allowfullscreen><\/iframe><\/p>\n","protected":false},"excerpt":{"rendered":"<p>Caratteristiche Lo sfogliatore modello S.L.I.M.P. 180 \u00e8 un\u2019attrezzatura per selezionare pacchi di lamierini ad \u201cI\u201d di diverse altezze, fino ad un massimo di 120 mm. \u00c8 completamente pneumatico e semplice da regolare. Ha degli spinotti che si inseriscono nei fori gi\u00e0 predisposti per le misure da lavorare. \u00c8 costruito nel rispetto delle vigenti normative CE. Applicazioni La macchina pu\u00f2 lavorare laminazioni a partire da EI 30 (Col. 10) fino a EI 180 (Col. 60). Ha una capacit\u00e0 di carico di 600 mm. Tempo di ciclo 5 sec. Specifiche tecniche Video<\/p>\n","protected":false},"featured_media":1598,"template":"","meta":[],"product_brand":[],"product_cat":[109],"product_tag":[],"class_list":{"0":"post-1755","1":"product","2":"type-product","3":"status-publish","4":"has-post-thumbnail","6":"product_cat-inseritori-e-sfogliatori","8":"first","9":"instock","10":"shipping-taxable","11":"product-type-simple"},"_links":{"self":[{"href":"https:\/\/impemasrl.com\/it\/wp-json\/wp\/v2\/product\/1755","targetHints":{"allow":["GET"]}}],"collection":[{"href":"https:\/\/impemasrl.com\/it\/wp-json\/wp\/v2\/product"}],"about":[{"href":"https:\/\/impemasrl.com\/it\/wp-json\/wp\/v2\/types\/product"}],"version-history":[{"count":4,"href":"https:\/\/impemasrl.com\/it\/wp-json\/wp\/v2\/product\/1755\/revisions"}],"predecessor-version":[{"id":2058,"href":"https:\/\/impemasrl.com\/it\/wp-json\/wp\/v2\/product\/1755\/revisions\/2058"}],"wp:featuredmedia":[{"embeddable":true,"href":"https:\/\/impemasrl.com\/it\/wp-json\/wp\/v2\/media\/1598"}],"wp:attachment":[{"href":"https:\/\/impemasrl.com\/it\/wp-json\/wp\/v2\/media?parent=1755"}],"wp:term":[{"taxonomy":"product_brand","embeddable":true,"href":"https:\/\/impemasrl.com\/it\/wp-json\/wp\/v2\/product_brand?post=1755"},{"taxonomy":"product_cat","embeddable":true,"href":"https:\/\/impemasrl.com\/it\/wp-json\/wp\/v2\/product_cat?post=1755"},{"taxonomy":"product_tag","embeddable":true,"href":"https:\/\/impemasrl.com\/it\/wp-json\/wp\/v2\/product_tag?post=1755"}],"curies":[{"name":"wp","href":"https:\/\/api.w.org\/{rel}","templated":true}]}}