{"id":1762,"date":"2023-11-18T22:05:23","date_gmt":"2023-11-18T21:05:23","guid":{"rendered":"https:\/\/impemasrl.com\/machinery\/senza-categoria\/saldatrice-automatica-per-laminazione-s-t-i-m-p-192\/"},"modified":"2024-11-03T10:54:09","modified_gmt":"2024-11-03T09:54:09","slug":"saldatrice-automatica-per-laminazione-s-t-i-m-p-192","status":"publish","type":"product","link":"https:\/\/impemasrl.com\/it\/machinery\/saldatrici-per-trasformatori-it\/saldatrice-automatica-per-laminazione-s-t-i-m-p-192\/","title":{"rendered":"Saldatrice automatica S.T.I.M.P. 192"},"content":{"rendered":"<h3>Caratteristiche<\/h3>\n<p style=\"text-align: justify;\">La macchina saldatrice modello S.T.I.M.P. 192 pu\u00f2 saldare pacchi di lamierino ad \u201cE\u201d ed \u201cI\u201d con le sue staffe di supporto. In questa macchina si possono realizzare diverse dimensioni di lamierino nelle sue varie altezze pacco; tutto dipende da quante attrezzature si vuole equipaggiare la macchina. Questa \u00e8 universale e pu\u00f2 lavorare dalla colonna 20 (EI60) alla colonna 64 (EI192). Il tempo di cambio formato \u00e8 semplice e veloce (circa 7 minuti).La macchina pu\u00f2 lavorare una singola misura alla volta ed il carico e lo scarico sono manuali. Si inserisce il pacco di I, il pacco di E nella bobina ed infine, se si desidera, anche la staffa di fissaggio; il resto del procedimento \u00e8 automatico ed \u00e8 tutto gestibile tramite touch screen dall\u2019operatore.<br \/>\nPer velocizzare il procedimento di preparazione pezzi, acquistare a parte gli sfogliatori di \u201cE\u201d ed \u201cI\u201d (vedere SEMAP e SLIMP 180).<br \/>\nAl suo interno vi sono\u00a0due saldatrici TIG e due torce, solitamente raffreddate ad acqua ed \u00e8 costruita rispettando le normative CE in vigore.<\/p>\n<h3>Applicazioni<\/h3>\n<p style=\"text-align: justify;\">Dimensioni della laminazione assemblabile:<br \/>\nda C. 20 (EI 60) a C. 64 (EI 192), spessore 0,35 e 0,5 mm.<\/p>\n<p style=\"text-align: justify;\">\n<table id=\"tablepress-53\" class=\"tablepress tablepress-id-53\">\n<thead>\n<tr class=\"row-1\">\n\t<td class=\"column-1\"><\/td><th class=\"column-2\"><strong><center>Pacco da 20 mm<\/strong><\/center><\/th><th class=\"column-3\"><strong><center>Pacco da 80 mm<\/strong><\/center><\/th>\n<\/tr>\n<\/thead>\n<tbody class=\"row-striping row-hover\">\n<tr class=\"row-2\">\n\t<td class=\"column-1\"><strong>Tempo ciclo per Trasformatore \u201cE + I\" (sec)<\/strong><\/td><td class=\"column-2\"><center>6<\/center><\/td><td class=\"column-3\"><center>11<\/center><\/td>\n<\/tr>\n<tr class=\"row-3\">\n\t<td class=\"column-1\"><strong>Tempo ciclo per Trasformatore \u201cE + I + piedini\u201d (sec)<\/strong><\/td><td class=\"column-2\"><center>15<\/center><\/td><td class=\"column-3\"><center>28<\/center><\/td>\n<\/tr>\n<\/tbody>\n<\/table>\n<!-- #tablepress-53 from cache --><\/p>\n<h3>Specifiche tecniche<\/h3>\n\n<table id=\"tablepress-54\" class=\"tablepress tablepress-id-54\">\n<thead>\n<tr class=\"row-1\">\n\t<th colspan=\"2\" class=\"column-1\"><strong><center>S.T.I.M.P. 192<\/center><\/strong><\/th>\n<\/tr>\n<\/thead>\n<tbody class=\"row-striping row-hover\">\n<tr class=\"row-2\">\n\t<td class=\"column-1\"><strong>Larghezza (mm)<\/strong><\/td><td class=\"column-2\"><center>1800<\/center><\/td>\n<\/tr>\n<tr class=\"row-3\">\n\t<td class=\"column-1\"><strong>Lunghezza (mm)<\/strong><\/td><td class=\"column-2\"><center>1800<\/center><\/td>\n<\/tr>\n<tr class=\"row-4\">\n\t<td class=\"column-1\"><strong>Altezza (mm)<\/strong><\/td><td class=\"column-2\"><center>1900<\/center><\/td>\n<\/tr>\n<tr class=\"row-5\">\n\t<td class=\"column-1\"><strong>Peso (Kg)<\/strong><\/td><td class=\"column-2\"><center>700<\/center><\/td>\n<\/tr>\n<tr class=\"row-6\">\n\t<td class=\"column-1\"><strong>Alimentazione (V)<\/strong><\/td><td class=\"column-2\"><center>400 Volt trifase<\/center><\/td>\n<\/tr>\n<tr class=\"row-7\">\n\t<td class=\"column-1\"><\/td><td class=\"column-2\"><center>Pressione aria non inferiore ai 6 Bar<\/center><\/td>\n<\/tr>\n<\/tbody>\n<\/table>\n<!-- #tablepress-54 from cache -->\n<h3>Video<\/h3>\n<p><iframe title=\"Industria Meccanica Previdi Srl Automatic Lamination Welding Machine Stimp 192\" width=\"800\" height=\"450\" src=\"https:\/\/www.youtube.com\/embed\/zANljHOPwYU?feature=oembed\" frameborder=\"0\" allow=\"accelerometer; autoplay; clipboard-write; encrypted-media; gyroscope; picture-in-picture; web-share\" referrerpolicy=\"strict-origin-when-cross-origin\" allowfullscreen><\/iframe><\/p>\n","protected":false},"excerpt":{"rendered":"<p>Caratteristiche La macchina saldatrice modello S.T.I.M.P. 192 pu\u00f2 saldare pacchi di lamierino ad \u201cE\u201d ed \u201cI\u201d con le sue staffe di supporto. In questa macchina si possono realizzare diverse dimensioni di lamierino nelle sue varie altezze pacco; tutto dipende da quante attrezzature si vuole equipaggiare la macchina. Questa \u00e8 universale e pu\u00f2 lavorare dalla colonna 20 (EI60) alla colonna 64 (EI192). Il tempo di cambio formato \u00e8 semplice e veloce (circa 7 minuti).La macchina pu\u00f2 lavorare una singola misura alla volta ed il carico e lo scarico sono manuali. Si inserisce il pacco di I, il pacco di E nella bobina ed infine, se si desidera, anche la staffa di fissaggio; il resto del procedimento \u00e8 automatico ed \u00e8 tutto gestibile tramite touch screen dall\u2019operatore. Per velocizzare il procedimento di preparazione pezzi, acquistare a parte gli sfogliatori di \u201cE\u201d ed \u201cI\u201d (vedere SEMAP e SLIMP 180). Al suo interno vi sono\u00a0due saldatrici TIG e due torce, solitamente raffreddate ad acqua ed \u00e8 costruita rispettando le normative CE in vigore. Applicazioni Dimensioni della laminazione assemblabile: da C. 20 (EI 60) a C. 64 (EI 192), spessore 0,35 e 0,5 mm. Specifiche tecniche Video<\/p>\n","protected":false},"featured_media":1572,"template":"","meta":[],"product_brand":[],"product_cat":[117],"product_tag":[],"class_list":{"0":"post-1762","1":"product","2":"type-product","3":"status-publish","4":"has-post-thumbnail","6":"product_cat-saldatrici-per-trasformatori-it","8":"first","9":"instock","10":"shipping-taxable","11":"product-type-simple"},"_links":{"self":[{"href":"https:\/\/impemasrl.com\/it\/wp-json\/wp\/v2\/product\/1762","targetHints":{"allow":["GET"]}}],"collection":[{"href":"https:\/\/impemasrl.com\/it\/wp-json\/wp\/v2\/product"}],"about":[{"href":"https:\/\/impemasrl.com\/it\/wp-json\/wp\/v2\/types\/product"}],"version-history":[{"count":4,"href":"https:\/\/impemasrl.com\/it\/wp-json\/wp\/v2\/product\/1762\/revisions"}],"predecessor-version":[{"id":2027,"href":"https:\/\/impemasrl.com\/it\/wp-json\/wp\/v2\/product\/1762\/revisions\/2027"}],"wp:featuredmedia":[{"embeddable":true,"href":"https:\/\/impemasrl.com\/it\/wp-json\/wp\/v2\/media\/1572"}],"wp:attachment":[{"href":"https:\/\/impemasrl.com\/it\/wp-json\/wp\/v2\/media?parent=1762"}],"wp:term":[{"taxonomy":"product_brand","embeddable":true,"href":"https:\/\/impemasrl.com\/it\/wp-json\/wp\/v2\/product_brand?post=1762"},{"taxonomy":"product_cat","embeddable":true,"href":"https:\/\/impemasrl.com\/it\/wp-json\/wp\/v2\/product_cat?post=1762"},{"taxonomy":"product_tag","embeddable":true,"href":"https:\/\/impemasrl.com\/it\/wp-json\/wp\/v2\/product_tag?post=1762"}],"curies":[{"name":"wp","href":"https:\/\/api.w.org\/{rel}","templated":true}]}}