{"id":1769,"date":"2023-11-18T21:45:23","date_gmt":"2023-11-18T20:45:23","guid":{"rendered":"https:\/\/impemasrl.com\/machinery\/senza-categoria\/impilatrice-automatica-a-laminazione-regolabile-imp-t-30-60-70-80\/"},"modified":"2024-11-04T15:21:52","modified_gmt":"2024-11-04T14:21:52","slug":"impilatrice-automatica-a-laminazione-regolabile-imp-t-30-60-70-80","status":"publish","type":"product","link":"https:\/\/impemasrl.com\/it\/machinery\/impaccatrici\/impilatrice-automatica-a-laminazione-regolabile-imp-t-30-60-70-80\/","title":{"rendered":"Impaccatrice automatica IMP T 30\/60 &#8211; 70\/80"},"content":{"rendered":"<h3>Caratteristiche<\/h3>\n<p style=\"text-align: justify;\">La macchina \u00e8 costituita da una base in lamiera elettrosaldata da mm. 6 appoggiata e fissata sopra un banco in tubolare da mm. 3. Sopra la base sono appogiate le quattro piastre in acciaio rettificate e cromate regolabili tramite DIME e per l\u2019appoggio delle bobine ci sono le attrezzature (una per ogni misura), molto facili da cambiare una con l\u2019altra.<\/p>\n<h3>Applicazioni<\/h3>\n<p style=\"text-align: justify;\">La macchina puo lavorare il lamierino EI monofase da Col 60 (EI 180) a Col. 100 (EI 300) \u2013 il monofase UI (Col. 50 e 60) ed il trifase EI da Col. 30 (150 X 150) al Col. 60 (300 X 300).<br \/>\nLa macchine pu\u00f2 lavorare il lamerino sia 0,5 che 0,35, ed \u00e8 dotata di estrazione pneumatica a pacco lamellare finito.<br \/>\nViene alimentata a 220 Volt. ed ha una velocit\u00e0 d\u2019impacchettamento che varia da 0 a 100 lamerini al minuto: Esempio: pacco da mm.60 in 3 minuti.<br \/>\nLa macchina da la possibilit\u00e0 di impaccare anche le bobine di cartone e bobine mancanti di invito per il lamierino.<br \/>\n* Modello: IMP \u2013 T \u2013 70\/80<br \/>\nNota: A richiesta \u00e8 disponibile una macchina che, pur mantenendo le caratteristiche di base dell\u2019 IMP \u2013 T \u2013 30\/60, consente la lavorazione di lamierino EI trifase da Col. 70 a Col. 80.<\/p>\n<h3>Specifiche tecniche<\/h3>\n\n<table id=\"tablepress-62\" class=\"tablepress tablepress-id-62\">\n<thead>\n<tr class=\"row-1\">\n\t<th colspan=\"2\" class=\"column-1\"><strong><center>IMP T 30\/60 - 70\/80<\/strong><\/center><\/th>\n<\/tr>\n<\/thead>\n<tbody class=\"row-striping row-hover\">\n<tr class=\"row-2\">\n\t<td class=\"column-1\"><strong>Larghezza (mm)<\/strong><\/td><td class=\"column-2\"><center>700<\/center><\/td>\n<\/tr>\n<tr class=\"row-3\">\n\t<td class=\"column-1\"><strong>Lunghezza (mm)<\/strong><\/td><td class=\"column-2\"><center>1800<\/center><\/td>\n<\/tr>\n<tr class=\"row-4\">\n\t<td class=\"column-1\"><strong>Altezza (mm)<\/strong><\/td><td class=\"column-2\"><center>circa 1250<\/center><\/td>\n<\/tr>\n<tr class=\"row-5\">\n\t<td class=\"column-1\"><strong>Peso (Kg)<\/strong><\/td><td class=\"column-2\"><center>600<\/center><\/td>\n<\/tr>\n<tr class=\"row-6\">\n\t<td class=\"column-1\"><strong>Alimentazione (V)<\/strong><\/td><td class=\"column-2\"><center>220<\/center><\/td>\n<\/tr>\n<\/tbody>\n<\/table>\n<!-- #tablepress-62 from cache -->\n<h3>Video<\/h3>\n<p><iframe title=\"Industria Meccanica Previdi Srl Automatic Adjustable Lamination Stacking Machine  Imp T 30\/60 70\/80\" width=\"800\" height=\"600\" src=\"https:\/\/www.youtube.com\/embed\/GbsVCIfJ6ok?feature=oembed\" frameborder=\"0\" allow=\"accelerometer; autoplay; clipboard-write; encrypted-media; gyroscope; picture-in-picture; web-share\" referrerpolicy=\"strict-origin-when-cross-origin\" allowfullscreen><\/iframe><\/p>\n<p><iframe title=\"Industria Meccanica Previdi Srl Automatic Adjustable Lamination Stacking Machine  Imp T 30\/60 70\/80\" width=\"800\" height=\"600\" src=\"https:\/\/www.youtube.com\/embed\/ToWHI2wvaQw?start=6&#038;feature=oembed\" frameborder=\"0\" allow=\"accelerometer; autoplay; clipboard-write; encrypted-media; gyroscope; picture-in-picture; web-share\" referrerpolicy=\"strict-origin-when-cross-origin\" allowfullscreen><\/iframe><\/p>\n","protected":false},"excerpt":{"rendered":"<p>Caratteristiche La macchina \u00e8 costituita da una base in lamiera elettrosaldata da mm. 6 appoggiata e fissata sopra un banco in tubolare da mm. 3. Sopra la base sono appogiate le quattro piastre in acciaio rettificate e cromate regolabili tramite DIME e per l\u2019appoggio delle bobine ci sono le attrezzature (una per ogni misura), molto facili da cambiare una con l\u2019altra. Applicazioni La macchina puo lavorare il lamierino EI monofase da Col 60 (EI 180) a Col. 100 (EI 300) \u2013 il monofase UI (Col. 50 e 60) ed il trifase EI da Col. 30 (150 X 150) al Col. 60 (300 X 300). La macchine pu\u00f2 lavorare il lamerino sia 0,5 che 0,35, ed \u00e8 dotata di estrazione pneumatica a pacco lamellare finito. Viene alimentata a 220 Volt. ed ha una velocit\u00e0 d\u2019impacchettamento che varia da 0 a 100 lamerini al minuto: Esempio: pacco da mm.60 in 3 minuti. La macchina da la possibilit\u00e0 di impaccare anche le bobine di cartone e bobine mancanti di invito per il lamierino. * Modello: IMP \u2013 T \u2013 70\/80 Nota: A richiesta \u00e8 disponibile una macchina che, pur mantenendo le caratteristiche di base dell\u2019 IMP \u2013 T \u2013 30\/60, consente la lavorazione di lamierino EI trifase da Col. 70 a Col. 80. Specifiche tecniche Video<\/p>\n","protected":false},"featured_media":1587,"template":"","meta":[],"product_brand":[],"product_cat":[108],"product_tag":[],"class_list":{"0":"post-1769","1":"product","2":"type-product","3":"status-publish","4":"has-post-thumbnail","6":"product_cat-impaccatrici","8":"first","9":"instock","10":"shipping-taxable","11":"product-type-simple"},"_links":{"self":[{"href":"https:\/\/impemasrl.com\/it\/wp-json\/wp\/v2\/product\/1769","targetHints":{"allow":["GET"]}}],"collection":[{"href":"https:\/\/impemasrl.com\/it\/wp-json\/wp\/v2\/product"}],"about":[{"href":"https:\/\/impemasrl.com\/it\/wp-json\/wp\/v2\/types\/product"}],"version-history":[{"count":5,"href":"https:\/\/impemasrl.com\/it\/wp-json\/wp\/v2\/product\/1769\/revisions"}],"predecessor-version":[{"id":2054,"href":"https:\/\/impemasrl.com\/it\/wp-json\/wp\/v2\/product\/1769\/revisions\/2054"}],"wp:featuredmedia":[{"embeddable":true,"href":"https:\/\/impemasrl.com\/it\/wp-json\/wp\/v2\/media\/1587"}],"wp:attachment":[{"href":"https:\/\/impemasrl.com\/it\/wp-json\/wp\/v2\/media?parent=1769"}],"wp:term":[{"taxonomy":"product_brand","embeddable":true,"href":"https:\/\/impemasrl.com\/it\/wp-json\/wp\/v2\/product_brand?post=1769"},{"taxonomy":"product_cat","embeddable":true,"href":"https:\/\/impemasrl.com\/it\/wp-json\/wp\/v2\/product_cat?post=1769"},{"taxonomy":"product_tag","embeddable":true,"href":"https:\/\/impemasrl.com\/it\/wp-json\/wp\/v2\/product_tag?post=1769"}],"curies":[{"name":"wp","href":"https:\/\/api.w.org\/{rel}","templated":true}]}}