{"id":1771,"date":"2023-11-18T16:25:05","date_gmt":"2023-11-18T15:25:05","guid":{"rendered":"https:\/\/impemasrl.com\/machinery\/senza-categoria\/macchina-impilatrice-automatica-per-la-laminazione-imp-t-fx\/"},"modified":"2024-11-04T15:03:42","modified_gmt":"2024-11-04T14:03:42","slug":"macchina-impilatrice-automatica-per-la-laminazione-imp-t-fx","status":"publish","type":"product","link":"https:\/\/impemasrl.com\/it\/machinery\/impaccatrici\/macchina-impilatrice-automatica-per-la-laminazione-imp-t-fx\/","title":{"rendered":"Impaccatrice automatica IMP T &#8211; FX"},"content":{"rendered":"<h3>Caratteristiche<\/h3>\n<p style=\"text-align: justify;\">La macchina \u00e8 costituita da una base in lamiera elettrosaldata da mm. 6 appoggiata e fissata sopra un banco in tubolare da mm. 3. Sopra la base si trovano le piastre in acciaio cromate e rettificate per l\u2019appoggio e lo scorrimento del lamierino da lavorare.<\/p>\n<h3>Applicazioni<\/h3>\n<p>La macchina pu\u00f2 lavorare il lamierino EI monofase da Col 60 a Col. 100 \u2013 il monofase UI 50 e 60 ed il trifase EI Col. 40\/50\/60 sia spessore 0,5 che 0,35<br \/>\nE\u2019\u00a0dotata di estrazione pneumatica a pacco finito.<br \/>\nha una velocit\u00e0 d\u2019impacchettamento da 0 a 120 lamierini al minuto: Esempio: pacco da mm.60 in 3 minuti.<\/p>\n<p>Questo modello pu\u00f2 lavorare una sola misura di lamierino. Per lavorare pi\u00f9 misure \u00e8 disponibile il modello <a href=\"https:\/\/impemasrl.com\/it\/machinery\/impaccatrici\/impilatrice-automatica-a-laminazione-regolabile-imp-t-30-60-70-80\/\">IMP T 30\/60 \u2013 70\/80<\/a><\/p>\n<p>Nota: A richiesta \u00e8 disponibile una macchina che, pur mantenendo le caratteristiche di base dell\u2019 IMP \u2013 T \u2013 FX, consente la lavorazione di lamierino trifase EI 350 e EI 400.<\/p>\n<h3>Specifiche tecniche<\/h3>\n\n<table id=\"tablepress-67\" class=\"tablepress tablepress-id-67\">\n<thead>\n<tr class=\"row-1\">\n\t<th colspan=\"2\" class=\"column-1\"><strong><center>IMP T \u2013 FX<\/strong><\/center><\/th>\n<\/tr>\n<\/thead>\n<tbody class=\"row-striping row-hover\">\n<tr class=\"row-2\">\n\t<td class=\"column-1\"><strong>Larghezza (mm)<\/strong><\/td><td class=\"column-2\"><center>700<\/center><\/td>\n<\/tr>\n<tr class=\"row-3\">\n\t<td class=\"column-1\"><strong>Lunghezza (mm)<\/strong><\/td><td class=\"column-2\"><center>1400<\/center><\/td>\n<\/tr>\n<tr class=\"row-4\">\n\t<td class=\"column-1\"><strong>Altezza (mm)<\/strong><\/td><td class=\"column-2\"><center>circa 1500<\/center><\/td>\n<\/tr>\n<tr class=\"row-5\">\n\t<td class=\"column-1\"><strong>Peso (Kg)<\/strong><\/td><td class=\"column-2\"><center>500<\/center><\/td>\n<\/tr>\n<tr class=\"row-6\">\n\t<td class=\"column-1\"><strong>Alimentazione (V)<\/strong><\/td><td class=\"column-2\"><center>220<\/center><\/td>\n<\/tr>\n<\/tbody>\n<\/table>\n<!-- #tablepress-67 from cache -->\n<h3>Video<\/h3>\n<p><iframe title=\"Industria Meccanica Previdi Srl Automatic Lamination Stacking Machine Imp TFA Fx\" width=\"800\" height=\"450\" src=\"https:\/\/www.youtube.com\/embed\/Pz4SH7yNNd8?feature=oembed\" frameborder=\"0\" allow=\"accelerometer; autoplay; clipboard-write; encrypted-media; gyroscope; picture-in-picture; web-share\" referrerpolicy=\"strict-origin-when-cross-origin\" allowfullscreen><\/iframe><\/p>\n","protected":false},"excerpt":{"rendered":"<p>Caratteristiche La macchina \u00e8 costituita da una base in lamiera elettrosaldata da mm. 6 appoggiata e fissata sopra un banco in tubolare da mm. 3. Sopra la base si trovano le piastre in acciaio cromate e rettificate per l\u2019appoggio e lo scorrimento del lamierino da lavorare. Applicazioni La macchina pu\u00f2 lavorare il lamierino EI monofase da Col 60 a Col. 100 \u2013 il monofase UI 50 e 60 ed il trifase EI Col. 40\/50\/60 sia spessore 0,5 che 0,35 E\u2019\u00a0dotata di estrazione pneumatica a pacco finito. ha una velocit\u00e0 d\u2019impacchettamento da 0 a 120 lamierini al minuto: Esempio: pacco da mm.60 in 3 minuti. Questo modello pu\u00f2 lavorare una sola misura di lamierino. Per lavorare pi\u00f9 misure \u00e8 disponibile il modello IMP T 30\/60 \u2013 70\/80 Nota: A richiesta \u00e8 disponibile una macchina che, pur mantenendo le caratteristiche di base dell\u2019 IMP \u2013 T \u2013 FX, consente la lavorazione di lamierino trifase EI 350 e EI 400. Specifiche tecniche Video<\/p>\n","protected":false},"featured_media":1579,"template":"","meta":[],"product_brand":[],"product_cat":[108],"product_tag":[],"class_list":{"0":"post-1771","1":"product","2":"type-product","3":"status-publish","4":"has-post-thumbnail","6":"product_cat-impaccatrici","8":"first","9":"instock","10":"shipping-taxable","11":"product-type-simple"},"_links":{"self":[{"href":"https:\/\/impemasrl.com\/it\/wp-json\/wp\/v2\/product\/1771","targetHints":{"allow":["GET"]}}],"collection":[{"href":"https:\/\/impemasrl.com\/it\/wp-json\/wp\/v2\/product"}],"about":[{"href":"https:\/\/impemasrl.com\/it\/wp-json\/wp\/v2\/types\/product"}],"version-history":[{"count":5,"href":"https:\/\/impemasrl.com\/it\/wp-json\/wp\/v2\/product\/1771\/revisions"}],"predecessor-version":[{"id":2047,"href":"https:\/\/impemasrl.com\/it\/wp-json\/wp\/v2\/product\/1771\/revisions\/2047"}],"wp:featuredmedia":[{"embeddable":true,"href":"https:\/\/impemasrl.com\/it\/wp-json\/wp\/v2\/media\/1579"}],"wp:attachment":[{"href":"https:\/\/impemasrl.com\/it\/wp-json\/wp\/v2\/media?parent=1771"}],"wp:term":[{"taxonomy":"product_brand","embeddable":true,"href":"https:\/\/impemasrl.com\/it\/wp-json\/wp\/v2\/product_brand?post=1771"},{"taxonomy":"product_cat","embeddable":true,"href":"https:\/\/impemasrl.com\/it\/wp-json\/wp\/v2\/product_cat?post=1771"},{"taxonomy":"product_tag","embeddable":true,"href":"https:\/\/impemasrl.com\/it\/wp-json\/wp\/v2\/product_tag?post=1771"}],"curies":[{"name":"wp","href":"https:\/\/api.w.org\/{rel}","templated":true}]}}