{"id":1784,"date":"2024-06-09T12:03:39","date_gmt":"2024-06-09T10:03:39","guid":{"rendered":"https:\/\/impemasrl.com\/machinery\/senza-categoria\/macchina-spogliatrice\/"},"modified":"2024-10-22T09:39:08","modified_gmt":"2024-10-22T07:39:08","slug":"macchina-spogliatrice","status":"publish","type":"product","link":"https:\/\/impemasrl.com\/it\/machinery\/macchine-e-attrezzature-per-lindustria-elettromeccanica-it\/macchina-spogliatrice\/","title":{"rendered":"Spelafili"},"content":{"rendered":"<h3>Caratteristiche<\/h3>\n<ul>\n<li style=\"text-align: justify;\">La macchina sverniciatrice \u00e8 composta da un trasformatore e da un Abisofix (si possono scegliere diversi tipi).<\/li>\n<li style=\"text-align: justify;\">L&#8217;Abisofix \u00e8 composto da un blocco motore e da una testa di taglio.<br \/>\nLa testa di taglio \u00e8 dotata di 3 lame dure.<\/li>\n<li style=\"text-align: justify;\">La rotazione della testa provoca la chiusura delle lame.<br \/>\nLa velocit\u00e0 di rotazione viene regolata con il trasformatore.<\/li>\n<li style=\"text-align: justify;\">Il sistema di variazione continua della velocit\u00e0 ti permette di predefinire il diametro esatto del taglio.<\/li>\n<\/ul>\n<h3>Specifiche tecniche<\/h3>\n\n<table id=\"tablepress-89\" class=\"tablepress tablepress-id-89\">\n<thead>\n<tr class=\"row-1\">\n\t<td class=\"column-1\"><\/td><th class=\"column-2\"><center><strong>MK1<\/strong><\/center><\/th><th class=\"column-3\"><center><strong>MK3<\/strong><\/center><\/th><th class=\"column-4\"><center><strong>MK5<\/strong><\/center><\/th>\n<\/tr>\n<\/thead>\n<tbody class=\"row-striping row-hover\">\n<tr class=\"row-2\">\n\t<td class=\"column-1\"><strong>Range diametro filo (mm)<\/strong><\/td><td class=\"column-2\"><center>0,2\u00f70,8<\/center><\/td><td class=\"column-3\"><center>0,6\u00f72,0<\/center><\/td><td class=\"column-4\"><center>1,2\u00f74,0<\/center><\/td>\n<\/tr>\n<tr class=\"row-3\">\n\t<td class=\"column-1\"><strong>Dimensioni (mm)<\/strong><\/td><td class=\"column-2\"><center>180x55<\/center><\/td><td class=\"column-3\"><center>180x55<\/center><\/td><td class=\"column-4\"><center>180x55<\/center><\/td>\n<\/tr>\n<tr class=\"row-4\">\n\t<td class=\"column-1\"><strong>Peso (gr) apx<\/strong><\/td><td class=\"column-2\"><center>500<\/center><\/td><td class=\"column-3\"><center>500<\/center><\/td><td class=\"column-4\"><center>500<\/center><\/td>\n<\/tr>\n<\/tbody>\n<\/table>\n<!-- #tablepress-89 from cache -->\n<h3>Scheda tecnica<\/h3>\n<p><a href=\"https:\/\/impemasrl.com\/wp-content\/uploads\/2024\/10\/SPELAFILI-rel.04_24-ITA.pdf\" target=\"_blank\" rel=\"noopener\"><img decoding=\"async\" class=\"alignnone wp-image-1410 size-full\" src=\"https:\/\/impemasrl.com\/wp-content\/uploads\/2024\/06\/datasheet_icon.png\" alt=\"\" width=\"48\" height=\"48\" \/><\/a><\/p>\n","protected":false},"excerpt":{"rendered":"<p>Caratteristiche La macchina sverniciatrice \u00e8 composta da un trasformatore e da un Abisofix (si possono scegliere diversi tipi). L&#8217;Abisofix \u00e8 composto da un blocco motore e da una testa di taglio. La testa di taglio \u00e8 dotata di 3 lame dure. La rotazione della testa provoca la chiusura delle lame. La velocit\u00e0 di rotazione viene regolata con il trasformatore. Il sistema di variazione continua della velocit\u00e0 ti permette di predefinire il diametro esatto del taglio. Specifiche tecniche Scheda tecnica<\/p>\n","protected":false},"featured_media":1626,"template":"","meta":[],"product_brand":[],"product_cat":[118],"product_tag":[],"class_list":{"0":"post-1784","1":"product","2":"type-product","3":"status-publish","4":"has-post-thumbnail","6":"product_cat-macchine-e-attrezzature-per-lindustria-elettromeccanica-it","8":"first","9":"instock","10":"shipping-taxable","11":"product-type-simple"},"_links":{"self":[{"href":"https:\/\/impemasrl.com\/it\/wp-json\/wp\/v2\/product\/1784","targetHints":{"allow":["GET"]}}],"collection":[{"href":"https:\/\/impemasrl.com\/it\/wp-json\/wp\/v2\/product"}],"about":[{"href":"https:\/\/impemasrl.com\/it\/wp-json\/wp\/v2\/types\/product"}],"version-history":[{"count":4,"href":"https:\/\/impemasrl.com\/it\/wp-json\/wp\/v2\/product\/1784\/revisions"}],"predecessor-version":[{"id":1931,"href":"https:\/\/impemasrl.com\/it\/wp-json\/wp\/v2\/product\/1784\/revisions\/1931"}],"wp:featuredmedia":[{"embeddable":true,"href":"https:\/\/impemasrl.com\/it\/wp-json\/wp\/v2\/media\/1626"}],"wp:attachment":[{"href":"https:\/\/impemasrl.com\/it\/wp-json\/wp\/v2\/media?parent=1784"}],"wp:term":[{"taxonomy":"product_brand","embeddable":true,"href":"https:\/\/impemasrl.com\/it\/wp-json\/wp\/v2\/product_brand?post=1784"},{"taxonomy":"product_cat","embeddable":true,"href":"https:\/\/impemasrl.com\/it\/wp-json\/wp\/v2\/product_cat?post=1784"},{"taxonomy":"product_tag","embeddable":true,"href":"https:\/\/impemasrl.com\/it\/wp-json\/wp\/v2\/product_tag?post=1784"}],"curies":[{"name":"wp","href":"https:\/\/api.w.org\/{rel}","templated":true}]}}